{"id":903,"date":"2016-07-04T15:09:50","date_gmt":"2016-07-04T13:09:50","guid":{"rendered":"http:\/\/www.wctag-hilft.de\/homepage\/?page_id=903"},"modified":"2016-09-29T14:37:35","modified_gmt":"2016-09-29T12:37:35","slug":"unterstuetzer","status":"publish","type":"page","link":"https:\/\/www.wctag-hilft.de\/homepage\/unterstuetzer\/","title":{"rendered":"Unterst\u00fctzer"},"content":{"rendered":"<p>Wir bedanken\u00a0uns ganz herzlich bei allen WCTAG Lehrkr\u00e4ften, Schulen und ihren Sch\u00fclern, die sich schon viele Jahre f\u00fcr uns einsetzen und unsere Projekte zuverl\u00e4ssig unterst\u00fctzen.<\/p>\n<p>Viele von Euch haben von Beginn an\u00a0eine Patenschaft f\u00fcr ein Kind \u00fcbernommen, dem sie dabei helfen, eine bessere Schulbildung und Zukunftschancen zu bekommen. Andere stellen\u00a0unsere Spendendosen auf oder organisieren j\u00e4hrliche Spendenaktionen zu Weihnachten. Ohne Eure Unterst\u00fctzung und ohne die vielen helfenden H\u00e4nde h\u00e4tten wir\u00a0all den\u00a0Kindern in den\u00a0unterschiedlichen Teilen der Erde nicht helfen k\u00f6nnen. Danke!<img loading=\"lazy\" decoding=\"async\" class=\"alignnone wp-image-1512 size-full\" src=\"https:\/\/www.wctag-hilft.de\/homepage\/wp-content\/uploads\/2016\/07\/WCTAGhilft-Logo-3-e1475152309444.jpg\" width=\"945\" height=\"964\" srcset=\"https:\/\/www.wctag-hilft.de\/homepage\/wp-content\/uploads\/2016\/07\/WCTAGhilft-Logo-3-e1475152309444.jpg 945w, https:\/\/www.wctag-hilft.de\/homepage\/wp-content\/uploads\/2016\/07\/WCTAGhilft-Logo-3-e1475152309444-294x300.jpg 294w, https:\/\/www.wctag-hilft.de\/homepage\/wp-content\/uploads\/2016\/07\/WCTAGhilft-Logo-3-e1475152309444-768x783.jpg 768w, https:\/\/www.wctag-hilft.de\/homepage\/wp-content\/uploads\/2016\/07\/WCTAGhilft-Logo-3-e1475152309444-62x64.jpg 62w, https:\/\/www.wctag-hilft.de\/homepage\/wp-content\/uploads\/2016\/07\/WCTAGhilft-Logo-3-e1475152309444-46x48.jpg 46w, https:\/\/www.wctag-hilft.de\/homepage\/wp-content\/uploads\/2016\/07\/WCTAGhilft-Logo-3-e1475152309444-30x32.jpg 30w, https:\/\/www.wctag-hilft.de\/homepage\/wp-content\/uploads\/2016\/07\/WCTAGhilft-Logo-3-e1475152309444-753x768.jpg 753w, https:\/\/www.wctag-hilft.de\/homepage\/wp-content\/uploads\/2016\/07\/WCTAGhilft-Logo-3-e1475152309444-70x70.jpg 70w\" sizes=\"auto, (max-width: 945px) 100vw, 945px\" \/><\/p>\n<p>Auch <strong>Unternehmen <\/strong>und<strong> Stiftungen<\/strong> vertrauen in unsere Arbeit und <a href=\"https:\/\/www.wctag-hilft.de\/homepage\/spenden\/\" target=\"_blank\">spenden<\/a>\u00a0regelm\u00e4\u00dfig f\u00fcr unsere Projekte.\u00a0Wir bedanken\u00a0uns ganz herzlich bei:<\/p>\n<p>&nbsp;<\/p>\n<div class=\"ale-divider medium\"><\/div>\n<p>[unitegallery gallerysponsoren]<\/p>\n<div class=\"ale-divider medium\"><\/div>\n<h3 style=\"text-align: center;\"><\/h3>\n<p style=\"text-align: center;\">\n","protected":false},"excerpt":{"rendered":"<p>Wir bedanken\u00a0uns ganz herzlich bei allen WCTAG Lehrkr\u00e4ften, Schulen und ihren Sch\u00fclern, die sich schon viele Jahre f\u00fcr uns einsetzen und unsere Projekte zuverl\u00e4ssig unterst\u00fctzen. Viele von Euch haben von Beginn an\u00a0eine Patenschaft f\u00fcr ein Kind \u00fcbernommen, dem sie dabei helfen, eine bessere Schulbildung und Zukunftschancen zu bekommen. Andere stellen\u00a0unsere Spendendosen auf oder organisieren j\u00e4hrliche [&hellip;]<\/p>\n","protected":false},"author":2,"featured_media":0,"parent":0,"menu_order":0,"comment_status":"closed","ping_status":"closed","template":"","meta":{"footnotes":""},"class_list":["post-903","page","type-page","status-publish","hentry"],"_links":{"self":[{"href":"https:\/\/www.wctag-hilft.de\/homepage\/wp-json\/wp\/v2\/pages\/903","targetHints":{"allow":["GET"]}}],"collection":[{"href":"https:\/\/www.wctag-hilft.de\/homepage\/wp-json\/wp\/v2\/pages"}],"about":[{"href":"https:\/\/www.wctag-hilft.de\/homepage\/wp-json\/wp\/v2\/types\/page"}],"author":[{"embeddable":true,"href":"https:\/\/www.wctag-hilft.de\/homepage\/wp-json\/wp\/v2\/users\/2"}],"replies":[{"embeddable":true,"href":"https:\/\/www.wctag-hilft.de\/homepage\/wp-json\/wp\/v2\/comments?post=903"}],"version-history":[{"count":67,"href":"https:\/\/www.wctag-hilft.de\/homepage\/wp-json\/wp\/v2\/pages\/903\/revisions"}],"predecessor-version":[{"id":1513,"href":"https:\/\/www.wctag-hilft.de\/homepage\/wp-json\/wp\/v2\/pages\/903\/revisions\/1513"}],"wp:attachment":[{"href":"https:\/\/www.wctag-hilft.de\/homepage\/wp-json\/wp\/v2\/media?parent=903"}],"curies":[{"name":"wp","href":"https:\/\/api.w.org\/{rel}","templated":true}]}}