{"id":192,"date":"2016-04-29T17:56:58","date_gmt":"2016-04-29T15:56:58","guid":{"rendered":"http:\/\/www.wctag-hilft.de\/homepage\/?page_id=192"},"modified":"2016-07-22T15:45:45","modified_gmt":"2016-07-22T13:45:45","slug":"foerdermitglied-werden","status":"publish","type":"page","link":"https:\/\/www.wctag-hilft.de\/homepage\/foerdermitglied-werden\/","title":{"rendered":"F\u00f6rdermitglied werden"},"content":{"rendered":"<h1>Durch Ihren regelm\u00e4\u00dfigen F\u00f6rderbeitrag k\u00f6nnen wir unsere Vereinsarbeit verl\u00e4sslich planen und unsere Projekte langfristig umsetzen.<\/h1>\n<p>&nbsp;<\/p>\n<div style=\"font-size: 18px;\">\n<p style=\"text-align: justify;\">Ihre Unterst\u00fctzung als F\u00f6rdermitglied erm\u00f6glicht uns, dass jede Spende zu 100% bei den bed\u00fcrftigen Kindern ankommt. Durch die F\u00f6rderbeitr\u00e4ge wird ein Teil der Organisations- und Verwaltungskosten als essentieller Bestandteil der Vereinsarbeit finanziert.<\/p>\n<p style=\"text-align: justify;\">Mit Ihrem j\u00e4hrlichen F\u00f6rdermitgliedsbeitrag von mindestens <strong>10,- Euro<\/strong> helfen Sie uns, Kindern ein L\u00e4cheln zu schenken!<\/p>\n<p style=\"text-align: justify;\"><strong>Unser Dankesch\u00f6n<\/strong> an Sie:<\/p>\n<\/div>\n<div style=\"font-size: 18px;\"><\/div>\n<div style=\"font-size: 18px;\">&#8211; Unser\u00a0regelm\u00e4\u00dfiger Newsletter \u00fcber die Entwicklung unserer Projekte und Informationen zur Vereinsarbeit<br \/>\n&#8211; Eine F\u00f6rdermitglieds-Urkunde<\/div>\n<div style=\"font-size: 18px;\">&#8211; Die namentliche Nennung auf unserer <a href=\"https:\/\/www.wctag-hilft.de\/homepage\/unterstuetzer\/\" target=\"_blank\">Unterst\u00fctzer-Seite<\/a>\u00a0(nach Wunsch)<br \/>\n&#8211; Eine Spendenbescheinigung f\u00fcr Ihre Einkommenssteuererkl\u00e4rung<\/div>\n<div style=\"font-size: 18px;\"><\/div>\n<\/p>\n<div style=\"font-size: 18px; text-align: justify;\">Ihre F\u00f6rdermitgliedschaft ist jederzeit k\u00fcndbar und steuerlich absetzbar.<\/div>\n<\/p>\n<div style=\"font-size: 18px; text-align: justify;\"><\/div>\n<div style=\"font-size: 18px; text-align: justify;\"><\/div>\n<div style=\"font-size: 18px; text-align: justify;\">Bei Interesse senden Sie uns gern eine Email an <a href=\"mailto:info@wctag-hilft.de\">info@wctag-hilft.de<\/a>\u00a0und wir senden Ihnen das F\u00f6rdermitglieds-Formular zu.<\/div>\n<div style=\"font-size: 18px; text-align: justify;\"><\/div>\n<\/p>\n<div style=\"font-size: 18px; text-align: justify;\"><strong>Vielen Dank!<\/strong><\/div>\n","protected":false},"excerpt":{"rendered":"<p>Durch Ihren regelm\u00e4\u00dfigen F\u00f6rderbeitrag k\u00f6nnen wir unsere Vereinsarbeit verl\u00e4sslich planen und unsere Projekte langfristig umsetzen. &nbsp; Ihre Unterst\u00fctzung als F\u00f6rdermitglied erm\u00f6glicht uns, dass jede Spende zu 100% bei den bed\u00fcrftigen Kindern ankommt. Durch die F\u00f6rderbeitr\u00e4ge wird ein Teil der Organisations- und Verwaltungskosten als essentieller Bestandteil der Vereinsarbeit finanziert. Mit Ihrem j\u00e4hrlichen F\u00f6rdermitgliedsbeitrag von mindestens 10,- [&hellip;]<\/p>\n","protected":false},"author":1,"featured_media":0,"parent":0,"menu_order":0,"comment_status":"closed","ping_status":"closed","template":"","meta":{"footnotes":""},"class_list":["post-192","page","type-page","status-publish","hentry"],"_links":{"self":[{"href":"https:\/\/www.wctag-hilft.de\/homepage\/wp-json\/wp\/v2\/pages\/192","targetHints":{"allow":["GET"]}}],"collection":[{"href":"https:\/\/www.wctag-hilft.de\/homepage\/wp-json\/wp\/v2\/pages"}],"about":[{"href":"https:\/\/www.wctag-hilft.de\/homepage\/wp-json\/wp\/v2\/types\/page"}],"author":[{"embeddable":true,"href":"https:\/\/www.wctag-hilft.de\/homepage\/wp-json\/wp\/v2\/users\/1"}],"replies":[{"embeddable":true,"href":"https:\/\/www.wctag-hilft.de\/homepage\/wp-json\/wp\/v2\/comments?post=192"}],"version-history":[{"count":15,"href":"https:\/\/www.wctag-hilft.de\/homepage\/wp-json\/wp\/v2\/pages\/192\/revisions"}],"predecessor-version":[{"id":1265,"href":"https:\/\/www.wctag-hilft.de\/homepage\/wp-json\/wp\/v2\/pages\/192\/revisions\/1265"}],"wp:attachment":[{"href":"https:\/\/www.wctag-hilft.de\/homepage\/wp-json\/wp\/v2\/media?parent=192"}],"curies":[{"name":"wp","href":"https:\/\/api.w.org\/{rel}","templated":true}]}}