{"id":181,"date":"2016-04-29T17:55:09","date_gmt":"2016-04-29T15:55:09","guid":{"rendered":"http:\/\/www.wctag-hilft.de\/homepage\/?page_id=181"},"modified":"2016-09-21T14:40:19","modified_gmt":"2016-09-21T12:40:19","slug":"sri-lanka","status":"publish","type":"page","link":"https:\/\/www.wctag-hilft.de\/homepage\/sri-lanka\/","title":{"rendered":"Sri Lanka"},"content":{"rendered":"<h1>Patenschaften<\/h1>\n<div style=\"font-size: 18px;\">\n<p style=\"text-align: justify;\">In Sri Lanka haben durch den\u00a0Tsunami 2004\u00a0viele Familien ihre Angeh\u00f6rigen und ihre Existenzgrundlage verloren. Seit dem tragischen Ungl\u00fcck\u00a0unterh\u00e4lt WCTAG hilft dort ein eigenes <strong>Kinderhilfsprojekt<\/strong> zur Bek\u00e4mpfung der Armut und Not.<\/p>\n<p style=\"text-align: justify;\">In dem abgeschiedenen Dorf Saliyapura leben die Einwohner \u00fcberwiegend von\u00a0Fischerei und Landwirtschaft. Nach der Zerst\u00f6rung war es wichtig, der j\u00fcngeren Generation durch <strong>elementare\u00a0Bildung<\/strong> eine Chance auf ein besseres Leben zu geben. Durch\u00a0unsere 52\u00a0Patenschaften von 20-30 Euro monatlich erhielt jedes Kind lebensnotwendige Unterst\u00fctzung wie Nahrung, Kleidung und medizinische Versorgung. Aber auch die Schulkosten\u00a0wie Transport, Geb\u00fchren und Schulmaterialien wurden durch die Patenschaften finanziert.<\/p>\n<p style=\"text-align: justify;\">Unser Patenschaftsprojekt wurde im M\u00e4rz 2016 erfolgreich und zufriedenstellend abgeschlossen. Viele der Kinder konnten wir bis zu ihrem Studium oder bis zu ihrer Ausbildung begleiten. Die jungen Erwachsenen haben es\u00a0mit Ihrer Hilfe geschafft, heute einer eigenverantwortlichen und selbstbestimmten Zukunft entgegen zu blicken. Wir w\u00fcnschen den jungen Menschen\u00a0alles Gute auf ihrem Lebensweg!<\/p>\n<p>&nbsp;<\/p>\n<p style=\"text-align: justify;\"><div data-id='closed' class=\"ale-toggle\"><span class=\"ale-toggle-title\">Mehr lesen<\/span><div class=\"ale-toggle-inner\"><\/p>\n<p style=\"text-align: justify;\">Jeden Sonntag nahmen die 52 Patenkinder am Unterricht in der M\u00f6nchsschule teil, die ebenfalls zu unseren Hilfsprojekten z\u00e4hlt. Somit hatten\u00a0wir\u00a0\u00fcber 12 Jahre einen regelm\u00e4\u00dfigen Kontakt zu den Kindern. Unser Projektleiter Sujith Jayasekara beobachtete und begleitete den schulischen Fortschritt und die Entwicklung der Kinder.<\/p>\n<p style=\"text-align: justify;\">Die finanzielle Unterst\u00fctzung\u00a0wurde monatlich direkt an die Kinder oder ihre M\u00fctter verteilt, wobei durch regelm\u00e4\u00dfige Besuche in den Familien sichergestellt war, dass das Geld auch bei den Kindern ankam. \u00a0<\/div><\/div><\/p>\n<\/div>\n<h1><\/h1>\n<p>&nbsp;<\/p>\n<h1>M\u00f6nchsschule<\/h1>\n<div style=\"font-size: 18px; text-align: justify;\">Wir unterst\u00fctzen im S\u00fcden Sri Lankas die jungen Novizen einer M\u00f6nchsschule. Das Kloster bietet 50 M\u00f6nchskindern eine <strong>Unterkunft<\/strong>, <strong>Schutz<\/strong> und eine <strong>gute Schulbildung<\/strong> sowie den Zugang zur buddhistischen Lehre.\u00a0Die Schule liegt in Saliyapura, Tissamaharama (ca. 250 km von Colombo) und ist ein Ort, an dem heimatlose und bed\u00fcrftige Kinder ein neues zu Hause finden.<\/div>\n<div style=\"font-size: 18px; text-align: justify;\"><\/div>\n<div style=\"font-size: 18px; text-align: justify;\">Die Schule wurde 1998 gegr\u00fcndet und beherbergt aktuell 50 Kinder zwischen 5 und 18 Jahren. Einige sind Waisen, andere wurden von ihren Familien dort untergebracht, da sie selbst nicht in der Lage sind, die Kinder zu versorgen.<\/div>\n<div style=\"font-size: 18px; text-align: justify;\"><\/div>\n<div style=\"font-size: 18px; text-align: justify;\">Neben einer generellen Schulbildung studieren die Kinder hier Buddhismus und erlernen alt-historische Sprachen wie Sanskrit oder Pali. Das Kloster bietet eine best\u00e4ndige Lebensgrundlage und Bildungsm\u00f6glichkeit und gew\u00e4hrt ihnen vor allem Sicherheit und Schutz.<\/div>\n<div style=\"font-size: 18px; text-align: justify;\"><\/div>\n<div style=\"font-size: 18px; text-align: justify;\">Wir m\u00f6chten die Kinder langfristig unterst\u00fctzen und ihnen einen sichereren Alltag gew\u00e4hrleisten. J\u00e4hrlich statten wir die Sch\u00fcler und Lehrer zum Schuljahresbeginn mit Schulmaterialien aus, kaufen die Schulkleidung (Roben) und\u00a0Lebensmittel.<\/div>\n<p>&nbsp;<\/p>\n<div style=\"font-size: 18px;\"><\/div>\n<div style=\"font-size: 18px;\"><\/div>\n<div style=\"font-size: 18px;\">\n<div data-id='closed' class=\"ale-toggle\"><span class=\"ale-toggle-title\">Was wir erreicht haben<\/span><div class=\"ale-toggle-inner\"><\/p>\n<p style=\"text-align: justify;\">In 2007 finanzierten wir von unseren Spendengeldern die Reparatur vom <strong>Dach des Haupthauses<\/strong>. Mit Hilfe von freiwilligen Dorfbewohnern errichteten wir 2008 ein <strong>neues Gebetshaus<\/strong> (Schrein), in dem die M\u00f6nche ihre spirituelle Praxis aus\u00fcben k\u00f6nnen.<\/p>\n<p style=\"text-align: justify;\">2010 bauten wir\u00a0einen <strong>Brunnen<\/strong> und einen <strong>Wassertank<\/strong>, um die Kinder auch in D\u00fcrrezeiten mit ausreichend Wasser zu versorgen.<\/p>\n<p style=\"text-align: justify;\">2013 stellten wir\u00a0ein <strong>neues Schulgeb\u00e4ude<\/strong> fertig, in der verschiedene Klassen sowie eine Bibliothek Platz finden. Endlich konnten\u00a0die Kinder konzentriert lernen. <\/div><\/div>\n<\/div>\n<p>&nbsp;<\/p>\n<div style=\"font-size: 18px;\"><\/div>\n<div style=\"font-size: 18px;\"><\/div>\n<div style=\"font-size: 18px;\"><\/div>\n<div style=\"font-size: 18px; text-align: center;\"><strong>Werden auch Sie Projektpate und <a href=\"https:\/\/www.wctag-hilft.de\/homepage\/online-spenden\/\" target=\"_blank\">unterst\u00fctzen<\/a> Sie diese wertvolle Arbeit!<\/strong><\/div>\n<p>&nbsp;<\/p>\n<div style=\"font-size: 18px; text-align: center;\"><\/div>\n<div style=\"font-size: 18px; text-align: center;\"><\/div>\n<div style=\"font-size: 18px;\"><\/div>\n<div style=\"font-size: 18px;\">[unitegallery gallerysrilanka2]<\/div>\n<div style=\"font-size: 18px;\"><\/div>\n","protected":false},"excerpt":{"rendered":"<p>Patenschaften In Sri Lanka haben durch den\u00a0Tsunami 2004\u00a0viele Familien ihre Angeh\u00f6rigen und ihre Existenzgrundlage verloren. Seit dem tragischen Ungl\u00fcck\u00a0unterh\u00e4lt WCTAG hilft dort ein eigenes Kinderhilfsprojekt zur Bek\u00e4mpfung der Armut und Not. In dem abgeschiedenen Dorf Saliyapura leben die Einwohner \u00fcberwiegend von\u00a0Fischerei und Landwirtschaft. Nach der Zerst\u00f6rung war es wichtig, der j\u00fcngeren Generation durch elementare\u00a0Bildung eine [&hellip;]<\/p>\n","protected":false},"author":1,"featured_media":0,"parent":0,"menu_order":0,"comment_status":"closed","ping_status":"closed","template":"template-page-srilanka.php","meta":{"footnotes":""},"class_list":["post-181","page","type-page","status-publish","hentry"],"_links":{"self":[{"href":"https:\/\/www.wctag-hilft.de\/homepage\/wp-json\/wp\/v2\/pages\/181","targetHints":{"allow":["GET"]}}],"collection":[{"href":"https:\/\/www.wctag-hilft.de\/homepage\/wp-json\/wp\/v2\/pages"}],"about":[{"href":"https:\/\/www.wctag-hilft.de\/homepage\/wp-json\/wp\/v2\/types\/page"}],"author":[{"embeddable":true,"href":"https:\/\/www.wctag-hilft.de\/homepage\/wp-json\/wp\/v2\/users\/1"}],"replies":[{"embeddable":true,"href":"https:\/\/www.wctag-hilft.de\/homepage\/wp-json\/wp\/v2\/comments?post=181"}],"version-history":[{"count":48,"href":"https:\/\/www.wctag-hilft.de\/homepage\/wp-json\/wp\/v2\/pages\/181\/revisions"}],"predecessor-version":[{"id":1503,"href":"https:\/\/www.wctag-hilft.de\/homepage\/wp-json\/wp\/v2\/pages\/181\/revisions\/1503"}],"wp:attachment":[{"href":"https:\/\/www.wctag-hilft.de\/homepage\/wp-json\/wp\/v2\/media?parent=181"}],"curies":[{"name":"wp","href":"https:\/\/api.w.org\/{rel}","templated":true}]}}