{"id":168,"date":"2016-04-29T17:52:52","date_gmt":"2016-04-29T15:52:52","guid":{"rendered":"http:\/\/www.wctag-hilft.de\/homepage\/?page_id=168"},"modified":"2020-05-11T01:09:01","modified_gmt":"2020-05-10T23:09:01","slug":"grundsaetze","status":"publish","type":"page","link":"https:\/\/www.wctag-hilft.de\/homepage\/grundsaetze\/","title":{"rendered":"Grunds\u00e4tze"},"content":{"rendered":"<div style=\"width: 100%;\">\n<table style=\"border: 12px solid #ffffff;\" border=\"0\">\n<tbody>\n<tr>\n<td style=\"border: 12px solid #ffffff;\"><b>Vertrauen und Akzeptanz<\/b><\/td>\n<td style=\"border: 12px solid #ffffff;\"><b>Gleichheit und Unabh\u00e4ngigkeit<\/b><\/td>\n<td style=\"border: 12px solid #ffffff;\"><b>Mittelverwendung und Kontrolle<\/b><\/td>\n<\/tr>\n<tr>\n<td style=\"border: 12px solid #ffffff;\"><img decoding=\"async\" src=\"https:\/\/www.wctag-hilft.de\/homepage\/wp-content\/uploads\/2016\/03\/Grundsatz1.png\" alt=\"\" width=\"100%\" \/><\/td>\n<td style=\"border: 12px solid #ffffff;\"><img decoding=\"async\" src=\"https:\/\/www.wctag-hilft.de\/homepage\/wp-content\/uploads\/2016\/03\/Grundsatz2-1.png\" alt=\"\" width=\"100%\" \/><\/td>\n<td style=\"border: 12px solid #ffffff;\"><img decoding=\"async\" src=\"https:\/\/www.wctag-hilft.de\/homepage\/wp-content\/uploads\/2016\/03\/Grundsatz2.png\" alt=\"\" width=\"100%\" \/><\/td>\n<\/tr>\n<tr>\n<td style=\"text-align: justify; vertical-align: top; width: 33%; border: 12px solid #ffffff;\">Wir unterst\u00fctzen best\u00e4ndige Einrichtungen, in denen Kinder und Jugendliche langfristig Schutz und Halt durch Menschen finden, denen sie vertrauen k\u00f6nnen. Durch die enge Zusammenarbeit mit der einheimischen Bev\u00f6lkerung, regio-nalen Institutionen und lokalen Beh\u00f6rden entstehen Vertrauen und Akzeptanz. Unser gesamtes Team kommt aus der Region Bahia. Lehrer*innen und Sozial-arbeiter*innen kennen die Lebenssituationen der Kinder und Familien, da sie h\u00e4ufig in \u00e4hnlichen Verh\u00e4ltnissen aufgewachsen sind.<\/td>\n<td style=\"text-align: justify; vertical-align: top; width: 33%; border: 12px solid #ffffff;\">Wir unterst\u00fctzen keine bestimmte Religion, Politik, Kultur oder ethnische Gruppe. Bei der Aufnahme der Kinder selektieren wir ausschlie\u00dflich nach Kriterien der Bed\u00fcrftigkeit und versuchen, unsere Mittel nach dem Grundsatz der Gerechtigkeit und Gleichheit zu verteilen und einzusetzen.<\/td>\n<td style=\"text-align: justify; vertical-align: top; width: 33%; border: 12px solid #ffffff;\">Unsere Mitarbeiter unterliegen der regelm\u00e4\u00dfigen Berichterstattung und Dokumentation der von ihnen verwalteten Gelder. Das schafft weitgehende Entscheidungsfreiheit mit effektiver Kontrolle \u00fcber die zielgerechte Mittelverwendung. Der Vereinsvorstand und die Gesch\u00e4ftsf\u00fchrung besuchen die Projekte regelm\u00e4\u00dfig und arbeiten mehrere Monate im Jahr mit dem Team vor Ort. Ihre Pr\u00e4senz f\u00f6rdert die gemeinsame Planung und die konstruktive Umsetzung der Aktivit\u00e4ten und Ziele.<\/td>\n<\/tr>\n<\/tbody>\n<\/table>\n<\/div>\n<p>&nbsp;<\/p>\n<p>&nbsp;<\/p>\n","protected":false},"excerpt":{"rendered":"<p>Vertrauen und Akzeptanz Gleichheit und Unabh\u00e4ngigkeit Mittelverwendung und Kontrolle Wir unterst\u00fctzen best\u00e4ndige Einrichtungen, in denen Kinder und Jugendliche langfristig Schutz und Halt durch Menschen finden, denen sie vertrauen k\u00f6nnen. Durch die enge Zusammenarbeit mit der einheimischen Bev\u00f6lkerung, regio-nalen Institutionen und lokalen Beh\u00f6rden entstehen Vertrauen und Akzeptanz. Unser gesamtes Team kommt aus der Region Bahia. Lehrer*innen [&hellip;]<\/p>\n","protected":false},"author":1,"featured_media":0,"parent":0,"menu_order":0,"comment_status":"closed","ping_status":"closed","template":"","meta":{"footnotes":""},"class_list":["post-168","page","type-page","status-publish","hentry"],"_links":{"self":[{"href":"https:\/\/www.wctag-hilft.de\/homepage\/wp-json\/wp\/v2\/pages\/168","targetHints":{"allow":["GET"]}}],"collection":[{"href":"https:\/\/www.wctag-hilft.de\/homepage\/wp-json\/wp\/v2\/pages"}],"about":[{"href":"https:\/\/www.wctag-hilft.de\/homepage\/wp-json\/wp\/v2\/types\/page"}],"author":[{"embeddable":true,"href":"https:\/\/www.wctag-hilft.de\/homepage\/wp-json\/wp\/v2\/users\/1"}],"replies":[{"embeddable":true,"href":"https:\/\/www.wctag-hilft.de\/homepage\/wp-json\/wp\/v2\/comments?post=168"}],"version-history":[{"count":68,"href":"https:\/\/www.wctag-hilft.de\/homepage\/wp-json\/wp\/v2\/pages\/168\/revisions"}],"predecessor-version":[{"id":1559,"href":"https:\/\/www.wctag-hilft.de\/homepage\/wp-json\/wp\/v2\/pages\/168\/revisions\/1559"}],"wp:attachment":[{"href":"https:\/\/www.wctag-hilft.de\/homepage\/wp-json\/wp\/v2\/media?parent=168"}],"curies":[{"name":"wp","href":"https:\/\/api.w.org\/{rel}","templated":true}]}}