{"id":1177,"date":"2016-07-07T17:58:22","date_gmt":"2016-07-07T15:58:22","guid":{"rendered":"http:\/\/www.wctag-hilft.de\/homepage\/?page_id=1177"},"modified":"2024-12-25T16:28:56","modified_gmt":"2024-12-25T15:28:56","slug":"spenden","status":"publish","type":"page","link":"https:\/\/www.wctag-hilft.de\/homepage\/spenden\/","title":{"rendered":"Spenden"},"content":{"rendered":"<p style=\"text-align: justify;\">Eine Online-Spende ist unkompliziert und schnell gemacht. Aber auch eine \u00dcberweisung auf unser <strong>Spendenkonto<\/strong> ist jederzeit m\u00f6glich.<\/p>\n<p style=\"text-align: justify;\">Jeder Euro hilft uns, Kindern eine Chance auf eine gl\u00fccklichere Zukunft zu geben.<\/p>\n<p style=\"text-align: justify;\">Ihre Spenden sind <strong>steuerlich absetzbar<\/strong>. Als eingetragener gemeinn\u00fctziger Verein k\u00f6nnen wir Ihnen jederzeit eine Zuwendungsbest\u00e4tigung in H\u00f6he Ihrer Spende ausstellen. Bitte achten Sie darauf, bei Ihrer \u00dcberweisung Ihre <strong>vollst\u00e4ndige Adresse<\/strong> anzugeben.<\/p>\n<p>&nbsp;<\/p>\n<p><script type=\"text\/javascript\">\n  \/* Configure at https:\/\/www.betterplace.org\/de\/manage\/projects\/9168-insel-der-kinder-fuer-kinder-in-armut-in-brasilien\/iframe_donation_form\/new *\/\n  var _bp_iframe        = _bp_iframe || {};\n  _bp_iframe.project_id = 9168; \/* REQUIRED *\/\n  _bp_iframe.lang       = 'de'; \/* Language of the form *\/\n  _bp_iframe.width = 600; \/* Custom iframe-tag-width, integer *\/\n  _bp_iframe.color = '6c9c2e'; \/* Button and banderole color, hex without \"#\" *\/\n  _bp_iframe.background_color = 'ffffff'; \/* Background-color, hex without \"#\" *\/\n  _bp_iframe.default_amount = 50; \/* Donation-amount, integer 1-99 *\/\n  _bp_iframe.recurring_interval = 'single'; \/* Interval for recurring donations, string out of single, monthly und yearly *\/\n  _bp_iframe.bottom_logo = true;\n  (function() {\n    var bp = document.createElement('script'); bp.type = 'text\/javascript'; bp.async = true;\n    bp.src = 'https:\/\/betterplace-assets.betterplace.org\/assets\/load_donation_iframe.js';\n    var s = document.getElementsByTagName('script')[0]; s.parentNode.insertBefore(bp, s);\n  })();\n<\/script><\/p>\n<div id=\"betterplace_donation_iframe\" style=\"background: transparent url('https:\/\/www.betterplace.org\/assets\/new_spinner.gif') 275px 20px no-repeat;\"><strong><a href=\"https:\/\/www.betterplace.org\/de\/donate\/platform\/projects\/9168-insel-der-kinder-fuer-kinder-in-armut-in-brasilien\">Jetzt Spenden f\u00fcr \u201eInsel der Kinder &#8211; f\u00fcr Kinder in Armut in Brasilien\u201c bei unserem Partner betterplace.org<\/a><\/strong><\/div>\n<p>&nbsp;<\/p>\n<hr \/>\n<h1>Spendenkonto<\/h1>\n<p>WCTAG hilft e.V.<\/p>\n<p>Hamburger Sparkasse<\/p>\n<p>IBAN: DE 1320 0505 5012 5112 9563<\/p>\n<p>BIC: HASPDEHHXXX<\/p>\n<hr \/>\n<p>&nbsp;<\/p>\n<p><b>Vielen Dank f\u00fcr Ihre Unterst\u00fctzung!<\/b><\/p>\n<p><b>Bei Fragen kontaktieren Sie uns jederzeit gern: <a href=\"mailto:info@wctag-hilft.de\">info@wctag-hilft.de<\/a> <\/b><\/p>\n","protected":false},"excerpt":{"rendered":"<p>Eine Online-Spende ist unkompliziert und schnell gemacht. Aber auch eine \u00dcberweisung auf unser Spendenkonto ist jederzeit m\u00f6glich. Jeder Euro hilft uns, Kindern eine Chance auf eine gl\u00fccklichere Zukunft zu geben. Ihre Spenden sind steuerlich absetzbar. Als eingetragener gemeinn\u00fctziger Verein k\u00f6nnen wir Ihnen jederzeit eine Zuwendungsbest\u00e4tigung in H\u00f6he Ihrer Spende ausstellen. Bitte achten Sie darauf, bei [&hellip;]<\/p>\n","protected":false},"author":2,"featured_media":0,"parent":0,"menu_order":0,"comment_status":"closed","ping_status":"closed","template":"","meta":{"footnotes":""},"class_list":["post-1177","page","type-page","status-publish","hentry"],"_links":{"self":[{"href":"https:\/\/www.wctag-hilft.de\/homepage\/wp-json\/wp\/v2\/pages\/1177","targetHints":{"allow":["GET"]}}],"collection":[{"href":"https:\/\/www.wctag-hilft.de\/homepage\/wp-json\/wp\/v2\/pages"}],"about":[{"href":"https:\/\/www.wctag-hilft.de\/homepage\/wp-json\/wp\/v2\/types\/page"}],"author":[{"embeddable":true,"href":"https:\/\/www.wctag-hilft.de\/homepage\/wp-json\/wp\/v2\/users\/2"}],"replies":[{"embeddable":true,"href":"https:\/\/www.wctag-hilft.de\/homepage\/wp-json\/wp\/v2\/comments?post=1177"}],"version-history":[{"count":39,"href":"https:\/\/www.wctag-hilft.de\/homepage\/wp-json\/wp\/v2\/pages\/1177\/revisions"}],"predecessor-version":[{"id":1691,"href":"https:\/\/www.wctag-hilft.de\/homepage\/wp-json\/wp\/v2\/pages\/1177\/revisions\/1691"}],"wp:attachment":[{"href":"https:\/\/www.wctag-hilft.de\/homepage\/wp-json\/wp\/v2\/media?parent=1177"}],"curies":[{"name":"wp","href":"https:\/\/api.w.org\/{rel}","templated":true}]}}